{"id":33,"date":"2022-01-14T13:53:38","date_gmt":"2022-01-14T13:53:38","guid":{"rendered":"http:\/\/prolis.fr\/?page_id=33"},"modified":"2022-01-18T11:21:58","modified_gmt":"2022-01-18T11:21:58","slug":"a-propos","status":"publish","type":"page","link":"https:\/\/prolis.fr\/?page_id=33","title":{"rendered":"A Propos"},"content":{"rendered":"\n<p>Installer depuis <strong>1998<\/strong> en r\u00e9gion <strong>PACA<\/strong> dans les Bouches du Rh\u00f4ne, la soci\u00e9t\u00e9 <strong>Prolis Informatiques Services<\/strong> s&rsquo;inscrit comme un prestataires de services informatiques pour les TPE, PME et les Collectivit\u00e9s Territoriales ( H\u00f4pitaux, Mairies,..).<\/p>\n\n\n\n<p>Les activit\u00e9s de la soci\u00e9t\u00e9 s&rsquo;articulent autour de plusieurs axes majeurs dans les infrastructures IT actuelles.<\/p>\n\n\n\n<p>Depuis sa cr\u00e9ation, l&rsquo;humain a toujours eu une place pr\u00e9pond\u00e9rante dans notre activit\u00e9. <\/p>\n\n\n\n<p>Pour nous, les plus belles technologies ne seraient rien sans un peu d&rsquo;humanit\u00e9. C&rsquo;est pour cela que nous militons pour des services et des solutions simples pens\u00e9s par des hommes pour des Hommes.<\/p>\n\n\n\n<p>On retrouve cette id\u00e9e dans notre slogan <strong>\u00a0\u00bb We Make It Easier\u00a0\u00bb<\/strong> (<em>Nous facilitons les choses<\/em>), qui signifie parfaitement notre vision du m\u00e9tier.<\/p>\n\n\n\n<p class=\"has-text-align-center\"><\/p>\n\n\n\n<p><\/p>\n","protected":false},"excerpt":{"rendered":"<p>Installer depuis 1998 en r\u00e9gion PACA dans les Bouches du Rh\u00f4ne, la soci\u00e9t\u00e9 Prolis Informatiques Services s&rsquo;inscrit comme un prestataires de services informatiques pour les TPE, PME et les Collectivit\u00e9s Territoriales ( H\u00f4pitaux, Mairies,..). Les activit\u00e9s de la soci\u00e9t\u00e9 s&rsquo;articulent autour de plusieurs axes majeurs dans les infrastructures IT actuelles. Depuis sa cr\u00e9ation, l&rsquo;humain a [&hellip;]<\/p>\n","protected":false},"author":1,"featured_media":0,"parent":0,"menu_order":0,"comment_status":"closed","ping_status":"closed","template":"","meta":{"_links_to":"","_links_to_target":""},"_links":{"self":[{"href":"https:\/\/prolis.fr\/index.php?rest_route=\/wp\/v2\/pages\/33"}],"collection":[{"href":"https:\/\/prolis.fr\/index.php?rest_route=\/wp\/v2\/pages"}],"about":[{"href":"https:\/\/prolis.fr\/index.php?rest_route=\/wp\/v2\/types\/page"}],"author":[{"embeddable":true,"href":"https:\/\/prolis.fr\/index.php?rest_route=\/wp\/v2\/users\/1"}],"replies":[{"embeddable":true,"href":"https:\/\/prolis.fr\/index.php?rest_route=%2Fwp%2Fv2%2Fcomments&post=33"}],"version-history":[{"count":6,"href":"https:\/\/prolis.fr\/index.php?rest_route=\/wp\/v2\/pages\/33\/revisions"}],"predecessor-version":[{"id":73,"href":"https:\/\/prolis.fr\/index.php?rest_route=\/wp\/v2\/pages\/33\/revisions\/73"}],"wp:attachment":[{"href":"https:\/\/prolis.fr\/index.php?rest_route=%2Fwp%2Fv2%2Fmedia&parent=33"}],"curies":[{"name":"wp","href":"https:\/\/api.w.org\/{rel}","templated":true}]}}